{"id":197,"date":"2019-06-07T20:11:44","date_gmt":"2019-06-07T18:11:44","guid":{"rendered":"http:\/\/localhost:8888\/wp-5qre\/?page_id=197"},"modified":"2021-03-10T21:41:56","modified_gmt":"2021-03-10T20:41:56","slug":"unternehmen","status":"publish","type":"page","link":"https:\/\/www.5qre.com\/de\/unternehmen\/","title":{"rendered":"Unternehmen"},"content":{"rendered":"","protected":false},"excerpt":{"rendered":"","protected":false},"author":1,"featured_media":0,"parent":0,"menu_order":10,"comment_status":"closed","ping_status":"closed","template":"page-onepager.php","meta":{"_acf_changed":false,"footnotes":""},"class_list":["post-197","page","type-page","status-publish","hentry"],"acf":[],"yoast_head":"<!-- This site is optimized with the Yoast SEO plugin v27.3 - https:\/\/yoast.com\/product\/yoast-seo-wordpress\/ -->\n<title>Willkommen bei 125% Immobilieninvestments von nachhaltigen Immobilien f\u00fcr institutionelle Kunden.<\/title>\n<meta name=\"description\" content=\"Sinnvolle Immobilieninvestments f\u00fcr Banken, Pensionsfonds, Versorgungswerken, Versicherungen in einem regulierten Umfeld, daf\u00fcr steht Five Quarters Real Estate | 5QRE.\" \/>\n<meta name=\"robots\" content=\"index, follow, max-snippet:-1, max-image-preview:large, max-video-preview:-1\" \/>\n<link rel=\"canonical\" href=\"https:\/\/www.5qre.com\/de\/unternehmen\/\" \/>\n<meta property=\"og:locale\" content=\"de_DE\" \/>\n<meta property=\"og:type\" content=\"article\" \/>\n<meta property=\"og:title\" content=\"Willkommen bei 125% Immobilieninvestments von nachhaltigen Immobilien f\u00fcr institutionelle Kunden.\" \/>\n<meta property=\"og:description\" content=\"Sinnvolle Immobilieninvestments f\u00fcr Banken, Pensionsfonds, Versorgungswerken, Versicherungen in einem regulierten Umfeld, daf\u00fcr steht Five Quarters Real Estate | 5QRE.\" \/>\n<meta property=\"og:url\" content=\"https:\/\/www.5qre.com\/de\/unternehmen\/\" \/>\n<meta property=\"og:site_name\" content=\"5QRE\" \/>\n<meta property=\"article:modified_time\" content=\"2021-03-10T20:41:56+00:00\" \/>\n<meta name=\"twitter:card\" content=\"summary_large_image\" \/>\n<script type=\"application\/ld+json\" class=\"yoast-schema-graph\">{\"@context\":\"https:\\\/\\\/schema.org\",\"@graph\":[{\"@type\":\"WebPage\",\"@id\":\"https:\\\/\\\/www.5qre.com\\\/de\\\/unternehmen\\\/\",\"url\":\"https:\\\/\\\/www.5qre.com\\\/de\\\/unternehmen\\\/\",\"name\":\"Willkommen bei 125% Immobilieninvestments von nachhaltigen Immobilien f\u00fcr institutionelle Kunden.\",\"isPartOf\":{\"@id\":\"https:\\\/\\\/www.5qre.com\\\/de\\\/#website\"},\"datePublished\":\"2019-06-07T18:11:44+00:00\",\"dateModified\":\"2021-03-10T20:41:56+00:00\",\"description\":\"Sinnvolle Immobilieninvestments f\u00fcr Banken, Pensionsfonds, Versorgungswerken, Versicherungen in einem regulierten Umfeld, daf\u00fcr steht Five Quarters Real Estate | 5QRE.\",\"breadcrumb\":{\"@id\":\"https:\\\/\\\/www.5qre.com\\\/de\\\/unternehmen\\\/#breadcrumb\"},\"inLanguage\":\"de\",\"potentialAction\":[{\"@type\":\"ReadAction\",\"target\":[\"https:\\\/\\\/www.5qre.com\\\/de\\\/unternehmen\\\/\"]}]},{\"@type\":\"BreadcrumbList\",\"@id\":\"https:\\\/\\\/www.5qre.com\\\/de\\\/unternehmen\\\/#breadcrumb\",\"itemListElement\":[{\"@type\":\"ListItem\",\"position\":1,\"name\":\"Home\",\"item\":\"https:\\\/\\\/www.5qre.com\\\/de\\\/\"},{\"@type\":\"ListItem\",\"position\":2,\"name\":\"Unternehmen\"}]},{\"@type\":\"WebSite\",\"@id\":\"https:\\\/\\\/www.5qre.com\\\/de\\\/#website\",\"url\":\"https:\\\/\\\/www.5qre.com\\\/de\\\/\",\"name\":\"5QRE\",\"description\":\"FIVE QUARTERS REAL ESTATE AG\",\"publisher\":{\"@id\":\"https:\\\/\\\/www.5qre.com\\\/de\\\/#organization\"},\"potentialAction\":[{\"@type\":\"SearchAction\",\"target\":{\"@type\":\"EntryPoint\",\"urlTemplate\":\"https:\\\/\\\/www.5qre.com\\\/de\\\/?s={search_term_string}\"},\"query-input\":{\"@type\":\"PropertyValueSpecification\",\"valueRequired\":true,\"valueName\":\"search_term_string\"}}],\"inLanguage\":\"de\"},{\"@type\":\"Organization\",\"@id\":\"https:\\\/\\\/www.5qre.com\\\/de\\\/#organization\",\"name\":\"Five Quarters Real Estate I 5QRE\",\"url\":\"https:\\\/\\\/www.5qre.com\\\/de\\\/\",\"logo\":{\"@type\":\"ImageObject\",\"inLanguage\":\"de\",\"@id\":\"https:\\\/\\\/www.5qre.com\\\/de\\\/#\\\/schema\\\/logo\\\/image\\\/\",\"url\":\"https:\\\/\\\/www.5qre.com\\\/wp-content\\\/uploads\\\/2019\\\/07\\\/5qre.png\",\"contentUrl\":\"https:\\\/\\\/www.5qre.com\\\/wp-content\\\/uploads\\\/2019\\\/07\\\/5qre.png\",\"width\":600,\"height\":517,\"caption\":\"Five Quarters Real Estate I 5QRE\"},\"image\":{\"@id\":\"https:\\\/\\\/www.5qre.com\\\/de\\\/#\\\/schema\\\/logo\\\/image\\\/\"}}]}<\/script>\n<!-- \/ Yoast SEO plugin. -->","yoast_head_json":{"title":"Willkommen bei 125% Immobilieninvestments von nachhaltigen Immobilien f\u00fcr institutionelle Kunden.","description":"Sinnvolle Immobilieninvestments f\u00fcr Banken, Pensionsfonds, Versorgungswerken, Versicherungen in einem regulierten Umfeld, daf\u00fcr steht Five Quarters Real Estate | 5QRE.","robots":{"index":"index","follow":"follow","max-snippet":"max-snippet:-1","max-image-preview":"max-image-preview:large","max-video-preview":"max-video-preview:-1"},"canonical":"https:\/\/www.5qre.com\/de\/unternehmen\/","og_locale":"de_DE","og_type":"article","og_title":"Willkommen bei 125% Immobilieninvestments von nachhaltigen Immobilien f\u00fcr institutionelle Kunden.","og_description":"Sinnvolle Immobilieninvestments f\u00fcr Banken, Pensionsfonds, Versorgungswerken, Versicherungen in einem regulierten Umfeld, daf\u00fcr steht Five Quarters Real Estate | 5QRE.","og_url":"https:\/\/www.5qre.com\/de\/unternehmen\/","og_site_name":"5QRE","article_modified_time":"2021-03-10T20:41:56+00:00","twitter_card":"summary_large_image","schema":{"@context":"https:\/\/schema.org","@graph":[{"@type":"WebPage","@id":"https:\/\/www.5qre.com\/de\/unternehmen\/","url":"https:\/\/www.5qre.com\/de\/unternehmen\/","name":"Willkommen bei 125% Immobilieninvestments von nachhaltigen Immobilien f\u00fcr institutionelle Kunden.","isPartOf":{"@id":"https:\/\/www.5qre.com\/de\/#website"},"datePublished":"2019-06-07T18:11:44+00:00","dateModified":"2021-03-10T20:41:56+00:00","description":"Sinnvolle Immobilieninvestments f\u00fcr Banken, Pensionsfonds, Versorgungswerken, Versicherungen in einem regulierten Umfeld, daf\u00fcr steht Five Quarters Real Estate | 5QRE.","breadcrumb":{"@id":"https:\/\/www.5qre.com\/de\/unternehmen\/#breadcrumb"},"inLanguage":"de","potentialAction":[{"@type":"ReadAction","target":["https:\/\/www.5qre.com\/de\/unternehmen\/"]}]},{"@type":"BreadcrumbList","@id":"https:\/\/www.5qre.com\/de\/unternehmen\/#breadcrumb","itemListElement":[{"@type":"ListItem","position":1,"name":"Home","item":"https:\/\/www.5qre.com\/de\/"},{"@type":"ListItem","position":2,"name":"Unternehmen"}]},{"@type":"WebSite","@id":"https:\/\/www.5qre.com\/de\/#website","url":"https:\/\/www.5qre.com\/de\/","name":"5QRE","description":"FIVE QUARTERS REAL ESTATE AG","publisher":{"@id":"https:\/\/www.5qre.com\/de\/#organization"},"potentialAction":[{"@type":"SearchAction","target":{"@type":"EntryPoint","urlTemplate":"https:\/\/www.5qre.com\/de\/?s={search_term_string}"},"query-input":{"@type":"PropertyValueSpecification","valueRequired":true,"valueName":"search_term_string"}}],"inLanguage":"de"},{"@type":"Organization","@id":"https:\/\/www.5qre.com\/de\/#organization","name":"Five Quarters Real Estate I 5QRE","url":"https:\/\/www.5qre.com\/de\/","logo":{"@type":"ImageObject","inLanguage":"de","@id":"https:\/\/www.5qre.com\/de\/#\/schema\/logo\/image\/","url":"https:\/\/www.5qre.com\/wp-content\/uploads\/2019\/07\/5qre.png","contentUrl":"https:\/\/www.5qre.com\/wp-content\/uploads\/2019\/07\/5qre.png","width":600,"height":517,"caption":"Five Quarters Real Estate I 5QRE"},"image":{"@id":"https:\/\/www.5qre.com\/de\/#\/schema\/logo\/image\/"}}]}},"_links":{"self":[{"href":"https:\/\/www.5qre.com\/de\/wp-json\/wp\/v2\/pages\/197","targetHints":{"allow":["GET"]}}],"collection":[{"href":"https:\/\/www.5qre.com\/de\/wp-json\/wp\/v2\/pages"}],"about":[{"href":"https:\/\/www.5qre.com\/de\/wp-json\/wp\/v2\/types\/page"}],"author":[{"embeddable":true,"href":"https:\/\/www.5qre.com\/de\/wp-json\/wp\/v2\/users\/1"}],"replies":[{"embeddable":true,"href":"https:\/\/www.5qre.com\/de\/wp-json\/wp\/v2\/comments?post=197"}],"version-history":[{"count":3,"href":"https:\/\/www.5qre.com\/de\/wp-json\/wp\/v2\/pages\/197\/revisions"}],"predecessor-version":[{"id":1085,"href":"https:\/\/www.5qre.com\/de\/wp-json\/wp\/v2\/pages\/197\/revisions\/1085"}],"wp:attachment":[{"href":"https:\/\/www.5qre.com\/de\/wp-json\/wp\/v2\/media?parent=197"}],"curies":[{"name":"wp","href":"https:\/\/api.w.org\/{rel}","templated":true}]}}